{"id":405,"date":"2015-05-12T00:36:32","date_gmt":"2015-05-11T22:36:32","guid":{"rendered":"http:\/\/tjaeckel.de\/maennercoaching\/?page_id=405"},"modified":"2026-02-15T23:11:57","modified_gmt":"2026-02-15T22:11:57","slug":"alpha-coaching","status":"publish","type":"page","link":"https:\/\/tjaeckel.de\/maennercoaching\/psychologisches-coaching\/alpha-coaching","title":{"rendered":"Alpha Coaching"},"content":{"rendered":"<h1>Alpha Coaching<\/h1>\n<h2>Bist du bereit um deine Alpha Pers\u00f6nlichkeit zu entwickeln?<\/h2>\n<div class=\"one_half\">Auf deinem Weg der Selbsterfahrung als Mann, begegnest du im Coaching verschiedenen Elementen, die aus physischen, mentalen sowie biographischen und sozialen Alpha-Qualit\u00e4ten bestehen.\n<hr \/>\n<h2>10 Punkte Alpha-Coaching<\/h2>\n<p>Im Alpha Coaching begleite ich dich beim Trainieren neuer Pers\u00f6nlichkeitsmerkmale und Charaktereigenschaften deiner zuk\u00fcnftigen Alphanatur. Dabei begegnest du t\u00e4glich ganz bewu\u00dft deinen Grenzen und musst bereit sein diese zu \u00fcberwinden.<\/p>\n<p>Nur dadurch kannst du dich als\u00a0 Alpha-Mann wirkungsvoll und nachhaltig pr\u00e4sentieren und deine weiblich gepr\u00e4gte Komfortzone verlassen. Hierf\u00fcr stehen dir professionelle Coaching Gespr\u00e4che mit Tiefgang, ausgew\u00e4hlte Coaching Unterlagen, die Top 10 der M\u00e4nner Literatur und deine eigene Bereitschaft zur Ver\u00e4nderung zur Verf\u00fcgung.<\/p>\n<h2>Bedingung?<\/h2>\n<p>Dein Wandel beginnt im Innern und Au\u00dfen mit konsequentem Training!<\/p>\n<hr \/>\n<h3>1. Meditation und Kontemplation<\/h3>\n<p>Im M\u00e4nner &amp; Alpha Coaching erlernst du einfache und wirkungsvolle Meditationspraktiken, mit denen du als Mann in dramatischen und emotionalen Situationen der &#8222;Fels in der Brandung&#8220; bleibst. Dar\u00fcber hinaus bringen wir das Thema m\u00e4nnliche Aggression zur Transformation.<\/p>\n<p>Durch Konzentration, innere Ruhe und Versammlung\u00a0 zentrierst du deine m\u00e4nnliche Kraft und bietest einer Vielzahl von Ablenkungen, die dich von deinem Weg abhalten entschieden die Stirn.<\/p>\n<h3>2. Achtung und Respekt f\u00fcr deinen Vater<\/h3>\n<p>Anerkennung und Achtung der Lebensweise und des Schicksals deines Vaters als Mensch und Mann. Als dessen Sohn, vertrittst du die m\u00e4nnliche Ahnenreihe deiner Familie! Sei deinem Vater dankbar und erweise ihm den n\u00f6tigen Respekt, gleichg\u00fcltig welche Bedenken du gegen\u00fcber deinem Vater hast.<\/p>\n<p>Halte dich aus Bewertungen und Verurteilungen heraus. Und vergiss nicht, dass du\u00a0 deinem Vater in puncto Lebenserfahrung nie das Wasser reichen wirst!<\/p>\n<hr \/>\n<h3>3. Achtung der Ex-Partner deiner Frau<\/h3>\n<p>Halte dich aus Kritik und Bewertung deiner Partnerin \u00fcber ihre Ex-Partner heraus. Sondern achte einfach das Gute dieser M\u00e4nner.<\/p>\n<h3>4. R\u00fcckgrat, entschieden &#8222;NEIN&#8220; zu sagen<\/h3>\n<p>Setze Grenzen und habe das erforderliche R\u00fcckgrat deiner Partnerin deutlich &#8222;NEIN&#8220; zu sagen, wenn Du es auch so meinst! Sie wird es merken, wenn Du sie mit einem halbherzigen &#8222;JA oder JAIN&#8220; abspeist! \u00dcberwinde deine Grenzen und begegne deiner Furcht vor einer weiteren respektlosen Reaktion deiner Partnerin. Habe Mut authentisch und wahrhaftig zu sein.<\/p>\n<h3>5. Feminine Emotionen und Dramen im Griff?<\/h3>\n<p>Verabschiede den Helfer und Retter in dir! F\u00fcr das Schicksal deiner Partnerin tr\u00e4gst du keine Verantwortung, ebenso nicht f\u00fcr ihre t\u00e4glich wechselnden Emotionen. Wenn deine Worte sie verletzen, dann habe den Mut und halte das aus.<\/p>\n<p>Lass dir keine Schuldgef\u00fchle aufb\u00fcrden, wenn sie sich nach deinen Worten schlecht f\u00fchlt und dich und dein Handeln verurteilt, respektlos wird, dann bleib einfach bei dir und authentisch. Du bist in erster Linie f\u00fcr dein Lebensgl\u00fcck verantwortlich und nicht der Heiler ihrer alten Dramen und Verletzungen.<\/p><\/div><div class=\"one_half_last_clear\">\n<strong>L\u00f6sung aus der m\u00fctterlichen Komfortzone!<\/strong>\n<hr \/>\n<p>Das ist die gr\u00f6\u00dfte Herausforderung f\u00fcr einen Mann. Erst wenn du bereit bist die emotionale Komfortzone deiner Mutter zu verlassen, wird sich dein Leben als Mann und die Beziehung zu Frauen auf unterschiedlichen Ebenen ver\u00e4ndern.<\/p>\n<p>Wichtig f\u00fcr deinen L\u00f6sungsprozess ist die Anerkennung und der Respekt gegen\u00fcber deiner Mutter. Vor allem Dankbarkeit ist ein wertvolles Werkzeug, dass dich in deine m\u00e4nnliche Autonomie f\u00fchren wird.<\/p>\n<p>W\u00e4hrend diesem L\u00f6sungsprozess entwickelst du ein neues M\u00e4nnerbild und Rollenverst\u00e4ndnis, emotionale Sicherheit und Selbstvertrauen. Du gibst dein &#8222;Mutters\u00f6hnchen&#8220; auf und entwickelst dich zum Alpha Mann. Mehr dazu erf\u00e4hrst du unter professioneller Anleitung im M\u00e4nner Coaching.<\/p>\n<p><strong>Alpha Coaching: 10 Punkte<\/strong><\/p>\n<p><span style=\"text-decoration: underline;\"><strong>Inhaltsauszug:<\/strong><\/span> Um was geht es?<\/p>\n<ul style=\"list-style-type: square;\">\n<li>Habituelles und physisches Erscheinungsbild als Mann<\/li>\n<li>M\u00e4nnliche Kommunikation, Gespr\u00e4chsf\u00fchrung<\/li>\n<li>F\u00fchrung und Verantwortung als Mann<\/li>\n<li>Soziale Kompetenz und gesellschaftliche Stellung<\/li>\n<li>Humor<\/li>\n<li>Integrit\u00e4t, Loyalit\u00e4t, Authentizit\u00e4t<\/li>\n<li>Konfliktf\u00e4higkeit und Streitkultur<\/li>\n<li>Ziele und Visionen eines Alpha Mannes<\/li>\n<li>Alpha Selbstdarstellung Sprache und Mimik<\/li>\n<li>Bewusstseins und Pers\u00f6nlichkeitsentwicklung<div class=\"one_half_last_clear\"><\/div><\/li><\/ul><\/div><div class=\"clear\"><\/div><\/li>\n<\/ul>\n<hr \/>\n<p>Du erh\u00e4ltst im Alpha Coaching ein konstruktives und aufrichtiges Feedback \u00fcber deine momentane Situation. Gemeinsam erarbeiten wir praxisnah und z\u00fcgig deinen Alpha Coaching Prozess, den du in ein bis drei Sitzungen absolvierst.<br \/>\nIm Coaching machst du dich dar\u00fcber hinaus mit Mentaltechniken und einer praxistauglichen Alltagsmethodik vertraut. Ausgew\u00e4hlte Coaching Werkzeuge inkl. Arbeitsmaterialien begleiten und warten bereits auf dich. Worauf wartest du?<\/p>\n<p><strong>Alpha Coaching: <\/strong>75 Min. Coaching \/ Preis 120.- Euro.<strong><br \/>\n<\/strong><\/p>\n<p><strong>Termine:\u00a0 <\/strong>Mo-Fr, 8.00-18.30Uhr \u2013 Abend u. WE Termine nach Vereinbarung.<br \/>\nIch freue mich auf unsere Zusammenarbeit.<\/p>\n","protected":false},"excerpt":{"rendered":"<p>Alpha Coaching Bist du bereit um deine Alpha Pers\u00f6nlichkeit zu entwickeln? Du erh\u00e4ltst im Alpha Coaching ein konstruktives und aufrichtiges Feedback \u00fcber deine momentane Situation. Gemeinsam erarbeiten wir praxisnah und z\u00fcgig deinen Alpha Coaching Prozess, den du in ein bis drei Sitzungen absolvierst. Im Coaching machst du dich dar\u00fcber hinaus mit Mentaltechniken und einer praxistauglichen <a href=\"https:\/\/tjaeckel.de\/maennercoaching\/psychologisches-coaching\/alpha-coaching\" rel=\"nofollow\"><span class=\"sr-only\">Read more about Alpha Coaching<\/span>[&hellip;]<\/a><\/p>\n","protected":false},"author":1,"featured_media":125,"parent":2,"menu_order":0,"comment_status":"closed","ping_status":"closed","template":"template-fullwidth.php","meta":{"om_disable_all_campaigns":false,"_monsterinsights_skip_tracking":false,"_monsterinsights_sitenote_active":false,"_monsterinsights_sitenote_note":"","_monsterinsights_sitenote_category":0,"footnotes":""},"class_list":["post-405","page","type-page","status-publish","has-post-thumbnail","hentry"],"_links":{"self":[{"href":"https:\/\/tjaeckel.de\/maennercoaching\/wp-json\/wp\/v2\/pages\/405","targetHints":{"allow":["GET"]}}],"collection":[{"href":"https:\/\/tjaeckel.de\/maennercoaching\/wp-json\/wp\/v2\/pages"}],"about":[{"href":"https:\/\/tjaeckel.de\/maennercoaching\/wp-json\/wp\/v2\/types\/page"}],"author":[{"embeddable":true,"href":"https:\/\/tjaeckel.de\/maennercoaching\/wp-json\/wp\/v2\/users\/1"}],"replies":[{"embeddable":true,"href":"https:\/\/tjaeckel.de\/maennercoaching\/wp-json\/wp\/v2\/comments?post=405"}],"version-history":[{"count":33,"href":"https:\/\/tjaeckel.de\/maennercoaching\/wp-json\/wp\/v2\/pages\/405\/revisions"}],"predecessor-version":[{"id":2902,"href":"https:\/\/tjaeckel.de\/maennercoaching\/wp-json\/wp\/v2\/pages\/405\/revisions\/2902"}],"up":[{"embeddable":true,"href":"https:\/\/tjaeckel.de\/maennercoaching\/wp-json\/wp\/v2\/pages\/2"}],"wp:featuredmedia":[{"embeddable":true,"href":"https:\/\/tjaeckel.de\/maennercoaching\/wp-json\/wp\/v2\/media\/125"}],"wp:attachment":[{"href":"https:\/\/tjaeckel.de\/maennercoaching\/wp-json\/wp\/v2\/media?parent=405"}],"curies":[{"name":"wp","href":"https:\/\/api.w.org\/{rel}","templated":true}]}}