{"id":2,"date":"2015-04-28T20:42:24","date_gmt":"2015-04-28T18:42:24","guid":{"rendered":"http:\/\/tjaeckel.de\/maennercoaching\/?page_id=2"},"modified":"2026-02-15T23:11:19","modified_gmt":"2026-02-15T22:11:19","slug":"psychologisches-coaching","status":"publish","type":"page","link":"https:\/\/tjaeckel.de\/maennercoaching\/psychologisches-coaching","title":{"rendered":"Psychologisches Coaching"},"content":{"rendered":"<h1>Hast du deine Herausforderungen klar im Blick?<\/h1>\n<h2>Motivations-, orientierungs- und entscheidungslos?<\/h2>\n<div class=\"one_half\">\u00dcbergeordnetes Ziel des psychologischen Coaching ist es deine m\u00e4nnliche Individualit\u00e4t, deine St\u00e4rken und Ressourcen so zu unterst\u00fctzen, damit du als<strong> Mann<\/strong> eigene L\u00f6sungswege und Strategien f\u00fcr die Bew\u00e4ltigung deiner Herausforderungen entwickelst.\n<p>Du erh\u00e4ltst im Coaching ein konstruktives und aufrichtiges Feedback \u00fcber deine momentane Situation. Meist kl\u00e4rt sich sehr schnell welche Gedankenmuster und Glaubenss\u00e4tze hinter Motivations-, Orientierungs- und Entscheidungslosigkeit stecken.<\/p>\n<h2>Inhalte deines Coachings<\/h2>\n<ul style=\"list-style-type: square;\">\n<li>Lebensziele und Visionen als Mann<\/li>\n<li>Verantwortung \u00fcbernehmen f\u00fcr das eigene Handeln<\/li>\n<li>Resilienz &#8211; statt Beziehungsstress<\/li>\n<li>Entscheidungen treffen<\/li>\n<li>Burnout Prophylaxe<\/li>\n<li>Lebenskrisen meistern<\/li>\n<li>Soziale Kontakte unter M\u00e4nnern pflegen<\/li>\n<li>M\u00e4nnliche Ressourcen st\u00e4rken und f\u00f6rdern<\/li>\n<li>Meditation und Kontemplation<\/li>\n<\/ul>\n<\/div><div class=\"one_half_last_clear\">\n<p>Gemeinsam erarbeiten wir praxisnah und z\u00fcgig deinen Coaching Prozess, den du in ein bis drei Sitzungen absolvierst. Mit der neu gewonnen Klarheit und Orientierung bist du der L\u00f6sung deiner Anliegen ein gutes St\u00fcck n\u00e4her ger\u00fcckt.<\/p>\n<p>Durch die Auseinandersetzung mit dir selbst, wirst du als Mann an deine pers\u00f6nlichen Grenzen gelangen. Das ist n\u00f6tig, um die n\u00f6tige Klarheit, Pr\u00e4senz und Orientierung zu erlangen, die du f\u00fcr die Realisation deiner Visionen und Ziele und der Bew\u00e4ltigung deiner Herausforderungen ben\u00f6tigst.<\/p><\/div><div class=\"clear\"><\/div>\n<p>Ausgew\u00e4hlte Coaching Werkzeuge inkl. Arbeitsmaterialien begleiten und warten bereits auf dich. Worauf wartest du?<\/p>\n<p><strong>Psychologisches Coaching: <\/strong>75 Min. Coaching \/ Preis 120.- Euro.<\/p>\n<p>Termine: Mo-Fr, 8.00-18.30Uhr &#8211; Abend und WE Termine nach Vereinbarung. Ich freue mich auf unsere Zusammenarbeit.<\/p>\n\n","protected":false},"excerpt":{"rendered":"<p>Hast du deine Herausforderungen klar im Blick? Motivations-, orientierungs- und entscheidungslos? Ausgew\u00e4hlte Coaching Werkzeuge inkl. Arbeitsmaterialien begleiten und warten bereits auf dich. Worauf wartest du? Psychologisches Coaching: 75 Min. Coaching \/ Preis 120.- Euro. Termine: Mo-Fr, 8.00-18.30Uhr &#8211; Abend und WE Termine nach Vereinbarung. Ich freue mich auf unsere Zusammenarbeit.<\/p>\n","protected":false},"author":1,"featured_media":97,"parent":0,"menu_order":0,"comment_status":"closed","ping_status":"closed","template":"template-fullwidth.php","meta":{"om_disable_all_campaigns":false,"_monsterinsights_skip_tracking":false,"_monsterinsights_sitenote_active":false,"_monsterinsights_sitenote_note":"","_monsterinsights_sitenote_category":0,"footnotes":""},"class_list":["post-2","page","type-page","status-publish","has-post-thumbnail","hentry"],"_links":{"self":[{"href":"https:\/\/tjaeckel.de\/maennercoaching\/wp-json\/wp\/v2\/pages\/2","targetHints":{"allow":["GET"]}}],"collection":[{"href":"https:\/\/tjaeckel.de\/maennercoaching\/wp-json\/wp\/v2\/pages"}],"about":[{"href":"https:\/\/tjaeckel.de\/maennercoaching\/wp-json\/wp\/v2\/types\/page"}],"author":[{"embeddable":true,"href":"https:\/\/tjaeckel.de\/maennercoaching\/wp-json\/wp\/v2\/users\/1"}],"replies":[{"embeddable":true,"href":"https:\/\/tjaeckel.de\/maennercoaching\/wp-json\/wp\/v2\/comments?post=2"}],"version-history":[{"count":23,"href":"https:\/\/tjaeckel.de\/maennercoaching\/wp-json\/wp\/v2\/pages\/2\/revisions"}],"predecessor-version":[{"id":2901,"href":"https:\/\/tjaeckel.de\/maennercoaching\/wp-json\/wp\/v2\/pages\/2\/revisions\/2901"}],"wp:featuredmedia":[{"embeddable":true,"href":"https:\/\/tjaeckel.de\/maennercoaching\/wp-json\/wp\/v2\/media\/97"}],"wp:attachment":[{"href":"https:\/\/tjaeckel.de\/maennercoaching\/wp-json\/wp\/v2\/media?parent=2"}],"curies":[{"name":"wp","href":"https:\/\/api.w.org\/{rel}","templated":true}]}}